{"id":259,"date":"2014-01-15T08:31:31","date_gmt":"2014-01-15T13:31:31","guid":{"rendered":"https:\/\/maryknollmasscards.org\/?page_id=259"},"modified":"2024-04-03T16:35:09","modified_gmt":"2024-04-03T20:35:09","slug":"tarjetas-de-misa-e-inscripciones-espirituales","status":"publish","type":"page","link":"https:\/\/spanishmasscards.org\/","title":{"rendered":"Tarjetas de Misa e inscripciones espirituales"},"content":{"rendered":"<p>[et_pb_section fb_built=\u00bb1&#8243; _builder_version=\u00bb4.18.0&#8243; _module_preset=\u00bbdefault\u00bb global_colors_info=\u00bb{}\u00bb][et_pb_row _builder_version=\u00bb4.18.0&#8243; _module_preset=\u00bbdefault\u00bb max_width=\u00bb1440px\u00bb global_colors_info=\u00bb{}\u00bb][et_pb_column type=\u00bb4_4&#8243; _builder_version=\u00bb4.18.0&#8243; _module_preset=\u00bbdefault\u00bb global_colors_info=\u00bb{}\u00bb][et_pb_image src=\u00bbhttps:\/\/spanishmasscards.org\/wp-content\/uploads\/2014\/05\/topbanner_spanish.jpg\u00bb title_text=\u00bbtopbanner_spanish.jpg\u00bb align=\u00bbcenter\u00bb force_fullwidth=\u00bbon\u00bb _builder_version=\u00bb4.18.0&#8243; _module_preset=\u00bbdefault\u00bb custom_margin=\u00bb||66px|||\u00bb border_radii=\u00bbon|12px|12px|12px|12px\u00bb global_colors_info=\u00bb{}\u00bb][\/et_pb_image][et_pb_text _builder_version=\u00bb4.18.0&#8243; _module_preset=\u00bbdefault\u00bb text_font=\u00bb|700|||||||\u00bb text_font_size=\u00bb32px\u00bb global_colors_info=\u00bb{}\u00bb]Tarjetas de Misa e inscripciones espirituales[\/et_pb_text][\/et_pb_column][\/et_pb_row][et_pb_row column_structure=\u00bb1_3,2_3&#8243; make_equal=\u00bbon\u00bb _builder_version=\u00bb4.18.0&#8243; _module_preset=\u00bbdefault\u00bb max_width=\u00bb1440px\u00bb custom_css_main_element=\u00bbalign-items: center;\u00bb global_colors_info=\u00bb{}\u00bb][et_pb_column type=\u00bb1_3&#8243; _builder_version=\u00bb4.18.0&#8243; _module_preset=\u00bbdefault\u00bb global_colors_info=\u00bb{}\u00bb][et_pb_image src=\u00bbhttps:\/\/spanishmasscards.org\/wp-content\/uploads\/2014\/05\/masscard_home.jpg\u00bb title_text=\u00bbmasscard_home\u00bb url=\u00bb@ET-DC@eyJkeW5hbWljIjp0cnVlLCJjb250ZW50IjoicG9zdF9saW5rX3VybF9wYWdlIiwic2V0dGluZ3MiOnsicG9zdF9pZCI6IjI1OSJ9fQ==@\u00bb align=\u00bbcenter\u00bb force_fullwidth=\u00bbon\u00bb _builder_version=\u00bb4.18.0&#8243; _dynamic_attributes=\u00bburl\u00bb _module_preset=\u00bbdefault\u00bb background_color=\u00bbRGBA(255,255,255,0)\u00bb border_radii=\u00bbon|12px|12px|12px|12px\u00bb border_width_all=\u00bb1px\u00bb border_color_all=\u00bb#dddddd\u00bb global_colors_info=\u00bb{}\u00bb][\/et_pb_image][\/et_pb_column][et_pb_column type=\u00bb2_3&#8243; _builder_version=\u00bb4.18.0&#8243; _module_preset=\u00bbdefault\u00bb global_colors_info=\u00bb{}\u00bb][et_pb_text _builder_version=\u00bb4.18.0&#8243; _module_preset=\u00bbdefault\u00bb text_font_size=\u00bb15px\u00bb global_colors_info=\u00bb{}\u00bb]La oraci\u00f3n nos une a Dios y nos une los unos a los otros. Con la oraci\u00f3n, nunca estamos solos.Usted puede hacerse miembro de nuestra familia rezando con una tarjeta de Misa o una inscripci\u00f3n espiritual de los Padres y Hermanos de Maryknoll. \u00danase a nosotros y convi\u00e9rtase as\u00ed tambi\u00e9n en nuestro compa\u00f1ero o compa\u00f1era de misiones, pues sus donativos respaldar\u00e1n la labor vivificadora de nuestros Padres y Hermanos en el extranjero y en los EE.UU.[\/et_pb_text][et_pb_button button_url=\u00bbhttps:\/\/spanishmasscards.org\/?product_cat=tarjetas-espanolas\u00bb button_text=\u00bbVer Catalogo\u00bb _builder_version=\u00bb4.24.3&#8243; _module_preset=\u00bbdefault\u00bb custom_button=\u00bbon\u00bb button_text_size=\u00bb16px\u00bb global_colors_info=\u00bb{}\u00bb][\/et_pb_button][et_pb_text _builder_version=\u00bb4.18.0&#8243; _module_preset=\u00bbdefault\u00bb text_font=\u00bb||on||||||\u00bb text_text_color=\u00bb#0C71C3&#8243; text_font_size=\u00bb15px\u00bb text_letter_spacing=\u00bb0.2px\u00bb link_option_url=\u00bbtel:8886279566&#8243; global_colors_info=\u00bb{}\u00bb]Si necesita ayuda: (888) 627-9566[\/et_pb_text][et_pb_divider color=\u00bb#e0e0e0&#8243; _builder_version=\u00bb4.18.0&#8243; _module_preset=\u00bbdefault\u00bb global_colors_info=\u00bb{}\u00bb][\/et_pb_divider][et_pb_blurb title=\u00bb\u00a1Envio gratis en todas las ordenes!\u00bb use_icon=\u00bbon\u00bb font_icon=\u00bb&#xf658;||fa||900&#8243; icon_color=\u00bb#E02B20&#8243; icon_placement=\u00bbleft\u00bb image_icon_width=\u00bb21px\u00bb content_max_width=\u00bb100%\u00bb _builder_version=\u00bb4.18.0&#8243; _module_preset=\u00bbdefault\u00bb header_text_color=\u00bb#777777&#8243; module_alignment=\u00bbleft\u00bb global_colors_info=\u00bb{}\u00bb][\/et_pb_blurb][\/et_pb_column][\/et_pb_row][\/et_pb_section]<\/p>\n","protected":false},"excerpt":{"rendered":"<p>Tarjetas de Misa e inscripciones espiritualesLa oraci\u00f3n nos une a Dios y nos une los unos a los otros. Con la oraci\u00f3n, nunca estamos solos.Usted puede hacerse miembro de nuestra familia rezando con una tarjeta de Misa o una inscripci\u00f3n espiritual de los Padres y Hermanos de Maryknoll. \u00danase a nosotros y convi\u00e9rtase as\u00ed tambi\u00e9n [&hellip;]<\/p>\n","protected":false},"author":199,"featured_media":0,"parent":0,"menu_order":0,"comment_status":"closed","ping_status":"closed","template":"","meta":{"_et_pb_use_builder":"on","_et_pb_old_content":"<div class=\"alertmsg\"><strong>Por la direcci\u00f3n de las autoridades del estado de Nueva York, Los Padres y Hermanos de Maryknoll han reducido algunas de nuestras operaciones de apoyo a los donantes. Algunos pedidos pueden demorar m\u00e1s de lo normal. <\/strong><\/div>\r\n<div class=\"alertmsg\">Esperamos que esta reducci\u00f3n sea temporal y rezamos para que nuestros donantes, vecinos y hermanos y hermanas de todo el mundo permanezcan sanos y salvos durante este tiempo dif\u00edcil. El Papa Francisco ha puesto al mundo bajo la protecci\u00f3n de la Sant\u00edsima Madre en este momento de crisis. \u00danase a nosotros en oraci\u00f3n por nuestra naci\u00f3n y el mundo. \u00a1Nuestra Se\u00f1ora de Maryknoll ruega por nosotros!<\/div>\r\n<img class=\"alignleft wp-image-40\" src=\"\/wp-content\/uploads\/2014\/05\/masscard_home.jpg\" alt=\"enrollmentcard\" \/>La oraci\u00f3n nos une a Dios y nos une los unos a los otros. Con la oraci\u00f3n, nunca estamos solos.Usted puede hacerse miembro de nuestra familia rezando con una tarjeta de Misa o una inscripci\u00f3n espiritual de los Padres y Hermanos de Maryknoll. \u00danase a nosotros y convi\u00e9rtase as\u00ed tambi\u00e9n en nuestro compa\u00f1ero o compa\u00f1era de misiones, pues sus donativos respaldar\u00e1n la labor vivificadora de nuestros Padres y Hermanos en el extranjero y en los EE.UU.\r\n<p style=\"text-align: right\"><a title=\"Spanish Cards\" href=\"https:\/\/maryknollmasscards.org\/\">Ingl\u00e9s<\/a> | <em>Si necesita ayuda: 888.627.9566<\/em><\/p>\r\n<a href=\"https:\/\/spanishmasscards.org\/?product_cat=tarjetas-espanolas\"><p style=\"text-align: right\"><button class=\"btn btn-primary btn-lg\" type=\"button\">Comience su pedido aqu\u00ed<\/button><\/p><\/a>","_et_gb_content_width":"","footnotes":""},"class_list":["post-259","page","type-page","status-publish","hentry"],"_links":{"self":[{"href":"https:\/\/spanishmasscards.org\/index.php?rest_route=\/wp\/v2\/pages\/259","targetHints":{"allow":["GET"]}}],"collection":[{"href":"https:\/\/spanishmasscards.org\/index.php?rest_route=\/wp\/v2\/pages"}],"about":[{"href":"https:\/\/spanishmasscards.org\/index.php?rest_route=\/wp\/v2\/types\/page"}],"author":[{"embeddable":true,"href":"https:\/\/spanishmasscards.org\/index.php?rest_route=\/wp\/v2\/users\/199"}],"replies":[{"embeddable":true,"href":"https:\/\/spanishmasscards.org\/index.php?rest_route=%2Fwp%2Fv2%2Fcomments&post=259"}],"version-history":[{"count":0,"href":"https:\/\/spanishmasscards.org\/index.php?rest_route=\/wp\/v2\/pages\/259\/revisions"}],"wp:attachment":[{"href":"https:\/\/spanishmasscards.org\/index.php?rest_route=%2Fwp%2Fv2%2Fmedia&parent=259"}],"curies":[{"name":"wp","href":"https:\/\/api.w.org\/{rel}","templated":true}]}}